{"id":794,"date":"2022-01-14T14:07:29","date_gmt":"2022-01-14T13:07:29","guid":{"rendered":"https:\/\/www.lendquadrat.at\/architektur\/startseite\/"},"modified":"2022-09-07T10:24:23","modified_gmt":"2022-09-07T08:24:23","slug":"startseite","status":"publish","type":"page","link":"https:\/\/www.lendquadrat.at\/architektur\/","title":{"rendered":"Startseite"},"content":{"rendered":"<div id=\"cs-content\" class=\"cs-content\"><\/div>\n","protected":false},"excerpt":{"rendered":"<p>AtelierIndividuelle Lebensr&auml;ume schaffen &#8230;Als kleines, engagiertes Architekturb\u00fcro gestalten wir individuelle, hochwertige Lebensr\u00e4ume f\u00fcr unsere Kund*innen. Zuh\u00f6ren, (hinter)fragen, beraten und \u00f6ffnen von neuen Blickwinkeln ist Teil des Entwurfsprozesses. In den Bereichen Wohnen, Schule, B\u00fcro und Gewerbe, Umbau und Sanierung, sakrales Umfeld und Innenraumgestaltung wird auf die Bed\u00fcrfnisse der Nutzer*innen und auf das Umfeld in entsprechender Funktionalit\u00e4t, Individualit\u00e4t, Ma\u00dfst\u00e4blichkeit und Materialit\u00e4t eingegangen. &#8230;<\/p>\n","protected":false},"author":1,"featured_media":0,"parent":0,"menu_order":0,"comment_status":"closed","ping_status":"closed","template":"template-blank-4.php","meta":[],"_links":{"self":[{"href":"https:\/\/www.lendquadrat.at\/architektur\/wp-json\/wp\/v2\/pages\/794"}],"collection":[{"href":"https:\/\/www.lendquadrat.at\/architektur\/wp-json\/wp\/v2\/pages"}],"about":[{"href":"https:\/\/www.lendquadrat.at\/architektur\/wp-json\/wp\/v2\/types\/page"}],"author":[{"embeddable":true,"href":"https:\/\/www.lendquadrat.at\/architektur\/wp-json\/wp\/v2\/users\/1"}],"replies":[{"embeddable":true,"href":"https:\/\/www.lendquadrat.at\/architektur\/wp-json\/wp\/v2\/comments?post=794"}],"version-history":[{"count":108,"href":"https:\/\/www.lendquadrat.at\/architektur\/wp-json\/wp\/v2\/pages\/794\/revisions"}],"predecessor-version":[{"id":1135,"href":"https:\/\/www.lendquadrat.at\/architektur\/wp-json\/wp\/v2\/pages\/794\/revisions\/1135"}],"wp:attachment":[{"href":"https:\/\/www.lendquadrat.at\/architektur\/wp-json\/wp\/v2\/media?parent=794"}],"curies":[{"name":"wp","href":"https:\/\/api.w.org\/{rel}","templated":true}]}}